{"id":77,"date":"2014-05-16T07:46:01","date_gmt":"2014-05-16T05:46:01","guid":{"rendered":"http:\/\/computerservice-markneukirchen.de\/?page_id=77"},"modified":"2024-12-26T09:06:02","modified_gmt":"2024-12-26T07:06:02","slug":"kontakt-impressum","status":"publish","type":"page","link":"https:\/\/computerservice-markneukirchen.de\/?page_id=77","title":{"rendered":"Kontakt \/ Impressum \/AGB"},"content":{"rendered":"<p style=\"text-align: center;\"><span style=\"color: #000000;\">BeMa Line EDV<br \/>\nTino Behrens<br \/>\n&nbsp; &nbsp; &nbsp;Computerservice und Technische Fragen<br \/>\nbe_ma(at)t-online.de<\/span><\/p>\n<p>&nbsp;<\/p>\n<p style=\"text-align: center;\"><span style=\"color: #000000;\"> 08258 Markneukirchen<\/span><\/p>\n<p style=\"text-align: center;\"><span style=\"color: #000000;\"> Pestalozzistra\u00dfe 84<\/span><\/p>\n<p style=\"text-align: center;\"><span style=\"color: #000000;\"> Tel.: 037422 &#8211; 46921 &nbsp;oder 01703591546<\/span><\/p>\n<p style=\"text-align: center;\"><span style=\"color: #000000;\"> E-Mail : be_ma(at)t-online.de<\/span><\/p>\n<p style=\"text-align: center;\"><span style=\"color: #000000;\"> www.computerservice-markneukirchen.de<\/span><\/p>\n<p style=\"text-align: left;\">&nbsp;Datenschutzbeauftragter :<br \/>\nTino Behrens<br \/>\nPestalozzistra\u00dfe&nbsp; 84<br \/>\n08258 Markneukirchen<br \/>\nE-Mail: be_ma(at)t-online.de<\/p>\n<p>Allgemeine Gesch\u00e4ftsbedingungen und Informationen :<\/p>\n<p><strong>Allgemeine Gesch\u00e4ftsbedingungen f\u00fcr K\u00e4ufe im Onlineshop unter <em>BeMa Line EDV<\/em><\/strong><\/p>\n<p>&nbsp;<\/p>\n<ul>\n<li><strong> 1 Allgemeines, Geltungsbereich der AGB<\/strong><\/li>\n<\/ul>\n<p>1.1 Alle Lieferungen und Leistungen erfolgen ausschlie\u00dflich auf der Grundlage der nachfolgenden Allgemeinen Gesch\u00e4ftsbedingungen (nachfolgend \u201eAGB\u201c) in ihrer zum Zeitpunkt der Bestellung g\u00fcltigen Fassung.<\/p>\n<p>1.2 Vertragspartner ist BeMa Line EDV Inh. Tino Behrens 08258 Markneukirchen Pestalozzistra\u00dfe 84.<\/p>\n<p>1.3 Kunde im Sinne dieser Gesch\u00e4ftsbedingungen k\u00f6nnen Verbraucher sein (nachfolgend \u201eKunde\u201c). Verbraucher im Sinne der Gesch\u00e4ftsbedingungen sind nat\u00fcrliche Personen, die Vertr\u00e4ge zu einem Zweck abschlie\u00dfen, der \u00fcberwiegend weder ihrer gewerblichen noch ihrer beruflichen T\u00e4tigkeit zugerechnet werden k\u00f6nnen.<\/p>\n<ul>\n<li><strong> 2 Vertragsschluss, Zustandekommen des Vertrags<\/strong><\/li>\n<\/ul>\n<p>2.1 Unser Angebot ist verbindlich. Mit Ihrer Bestellung nehmen Sie unser Angebot auf Vertragsschluss an. Der Vertrag kommt mit Versendung Ihrer Bestellung an uns zustande. Sie erhalten eine Auftragsbest\u00e4tigung per E-Mail.<\/p>\n<p>2.1 Die Angebote und Artikelpr\u00e4sentationen stellen kein bindendes Angebot dar. Erst Ihre Bestellung ist ein bindendes Angebot nach \u00a7 145 B\u00fcrgerliches Gesetzbuch (BGB), welches wir annehmen k\u00f6nnen. Nach Versendung der Bestellung \u00fcbermitteln wir Ihnen zun\u00e4chst eine Bestell-Eingangsbest\u00e4tigung per E-Mail. Bei Annahme Ihrer Bestellung durch uns erhalten Sie innerhalb von 3 Werktagen nach Eingang Ihrer Bestellung eine Auftragsbest\u00e4tigung per E-Mail, mit der der Vertrag zustande kommt.<\/p>\n<p>2.2 Wenn Sie das gew\u00fcnschte Produkt gefunden haben, k\u00f6nnen Sie dieses unverbindlich durch Anklicken des Produktnamens oder des Produktbildes genauer ansehen. Durch Anklicken des Buttons <em>\u201ein den Warenkorb\u201c<\/em> k\u00f6nnen sie den Artikel in den Warenkorb legen. Den Inhalt des Warenkorbs k\u00f6nnen Sie jederzeit durch Anklicken des Buttons \u201eWarenkorb\u201c unverbindlich ansehen. Die Produkte k\u00f6nnen Sie durch Anklicken der Grafiken \u201e\u00c4ndern\u201c und <em>\u201eL\u00f6schen\u201c<\/em> wieder aus dem Warenkorb entfernen oder \u00e4ndern. Wenn Sie die Produkte im Warenkorb kaufen wollen, klicken Sie in der Seite \u201eWarenkorb\u201c auf den Button <em>\u201ezur Kasse\u201c<\/em><\/p>\n<p>Im Verlauf des weiteren Bestellvorgangs richten Sie bei Ihrem erstmaligen Einkauf ein Kundenkonto bei uns ein und w\u00e4hlen die Versand- sowie die Zahlungsart. Im letzten Schritt erhalten Sie unter \u201eBestellinformation\u201c nochmals eine \u00dcbersicht \u00fcber Ihre Bestelldaten und k\u00f6nnen alle Angaben nochmals \u00fcberpr\u00fcfen und unter&nbsp; aktualisieren\u201c oder\u201c l\u00f6schen&nbsp; \u00e4ndern. Eingabefehler k\u00f6nnen Sie auch dadurch berichtigen, dass Sie im Browser r\u00fcckw\u00e4rts navigieren oder den Bestellvorgang abbrechen und von vorn beginnen. Um den Einkauf abzuschlie\u00dfen, m\u00fcssen Sie unsere Allgemeinen Gesch\u00e4ftsbedingungen akzeptieren und auf den Button <em>\u201eArtikel jetzt Kaufen\u201c<\/em> dr\u00fccken. Damit versenden Sie die Bestellung an uns.<\/p>\n<ul>\n<li><strong> 3 Speicherung des Vertragstextes<\/strong><\/li>\n<\/ul>\n<p>Wir speichern Ihre Bestellung, die eingegebenen Bestelldaten sowie den gesamten Vertragstext. <em>Wir senden Ihnen per E-Mail eine Bestell-Eingangsbest\u00e4tigung und anschlie\u00dfend eine Auftragsbest\u00e4tigung<\/em> oder <em>eine Bestell-Eingangs- und Auftragsbest\u00e4tigung mit allen Bestelldaten und dem gesamten Vertragstext zu.<\/em><\/p>\n<ul>\n<li><strong> 4 Widerrufsrecht f\u00fcr Verbraucher<\/strong><\/li>\n<\/ul>\n<p>Das folgende Widerrufsrecht besteht nur f\u00fcr Verbraucher im Fernabsatz:<\/p>\n<ol>\n<li><strong> Widerrufsbelehrung<\/strong><\/li>\n<\/ol>\n<p>Widerrufsrecht<\/p>\n<p>Sie haben das Recht, binnen vierzehn Tagen ohne Angabe von Gr\u00fcnden diesen Vertrag zu widerrufen.<\/p>\n<p>Die Widerrufsfrist betr\u00e4gt vierzehn Tage ab dem Tag, an dem Sie oder ein von Ihnen benannter Dritter, der nicht der Bef\u00f6rderer ist, die Waren in Besitz genommen haben bzw. hat.<\/p>\n<p>Um Ihr Widerrufsrecht auszu\u00fcben, m\u00fcssen Sie uns BeMa Line EDV Tino Behrens, 08258 Markneukirchen, Pestalozzistra\u00dfe 84, be_ma@t-online.de mittels einer eindeutigen Erkl\u00e4rung (z. B. ein mit der Post versandter Brief oder E-Mail) \u00fcber Ihren Entschluss, diesen Vertrag zu widerrufen, informieren. Sie k\u00f6nnen daf\u00fcr das beigef\u00fcgte Muster-Widerrufsformular verwenden, das jedoch nicht vorgeschrieben ist.<\/p>\n<p>Zur Wahrung der Widerrufsfrist reicht es aus, dass Sie die Mitteilung \u00fcber die Aus\u00fcbung des Widerrufsrechts vor Ablauf der Widerrufsfrist absenden.<\/p>\n<p>Folgen des Widerrufs<\/p>\n<p>Wenn Sie diesen Vertrag widerrufen, haben wir Ihnen alle Zahlungen, die wir von Ihnen erhalten haben, einschlie\u00dflich der Lieferkosten (mit Ausnahme der zus\u00e4tzlichen Kosten, die sich daraus ergeben, dass Sie eine andere Art der Lieferung als die von uns angebotene, g\u00fcnstigste Standardlieferung gew\u00e4hlt haben), unverz\u00fcglich und sp\u00e4testens binnen vierzehn Tagen ab dem Tag zur\u00fcckzuzahlen, an dem die Mitteilung \u00fcber Ihren Widerruf dieses Vertrags bei uns eingegangen ist. F\u00fcr diese R\u00fcckzahlung verwenden wir dasselbe Zahlungsmittel, das Sie bei der urspr\u00fcnglichen Transaktion eingesetzt haben, es sei denn, mit Ihnen wurde ausdr\u00fccklich etwas anderes vereinbart; in keinem Fall werden Ihnen wegen dieser R\u00fcckzahlung Entgelte berechnet. Wir k\u00f6nnen die R\u00fcckzahlung verweigern, bis wir die Waren wieder zur\u00fcckerhalten haben oder bis Sie den Nachweis erbracht haben, dass Sie die Waren zur\u00fcckgesandt haben, je nachdem, welches der fr\u00fchere Zeitpunkt ist.<\/p>\n<p>Sie haben die Waren unverz\u00fcglich und in jedem Fall sp\u00e4testens binnen vierzehn Tagen ab dem Tag, an dem Sie uns \u00fcber den Widerruf dieses Vertrags unterrichten, an uns zur\u00fcckzusenden oder zu \u00fcbergeben. Die Frist ist gewahrt, wenn Sie die Waren vor Ablauf der Frist von vierzehn Tagen absenden. Sie tragen die unmittelbaren Kosten der R\u00fccksendung der Waren.<\/p>\n<p>Sie m\u00fcssen f\u00fcr einen etwaigen Wertverlust der Waren nur aufkommen, wenn dieser Wertverlust auf einen zur Pr\u00fcfung der Beschaffenheit, Eigenschaften und Funktionsweise der Waren nicht notwendigen Umgang mit ihnen zur\u00fcckzuf\u00fchren ist.<\/p>\n<ol start=\"2\">\n<li><strong><em> Ausschluss des Widerrufsrechts<\/em><\/strong><\/li>\n<\/ol>\n<p><em>Das Widerrufsrecht besteht nicht bei folgenden Vertr\u00e4gen:<\/em><\/p>\n<ul>\n<li><em>Vertr\u00e4ge zur Lieferung von Waren, die nicht vorgefertigt sind und f\u00fcr deren Herstellung eine individuelle Auswahl oder Bestimmung durch den Verbraucher ma\u00dfgeblich ist oder die eindeutig auf die pers\u00f6nlichen Bed\u00fcrfnisse des Verbrauchers zugeschnitten sind,<\/em><\/li>\n<li><em>Vertr\u00e4ge zur Lieferung von Waren, die schnell verderben k\u00f6nnen oder deren Verfallsdatum schnell \u00fcberschritten w\u00fcrde,<\/em><\/li>\n<li><em>Vertr\u00e4ge zur Lieferung versiegelter Waren, die aus Gr\u00fcnden des Gesundheitsschutzes oder der Hygiene nicht zur R\u00fcckgabe geeignet sind, wenn ihre Versiegelung nach der Lieferung entfernt wurde,<\/em><\/li>\n<li><em>Vertr\u00e4ge zur Lieferung von Waren, wenn diese nach der Lieferung auf Grund ihrer Beschaffenheit untrennbar mit anderen G\u00fctern vermischt wurden,<\/em><\/li>\n<li><em>Vertr\u00e4ge zur Lieferung von Ton- oder Videoaufnahmen oder Computersoftware in einer versiegelten Packung, wenn die Versiegelung nach der Lieferung entfernt wurde,<\/em><\/li>\n<li><em>vorsieht.<\/em><\/li>\n<\/ul>\n<ul>\n<li><strong> 5 Muster-Widerrufsformular<\/strong><\/li>\n<\/ul>\n<p>(Wenn Sie den Vertrag widerrufen wollen, dann f\u00fcllen Sie bitte dieses Formular aus und senden Sie es zur\u00fcck.)<\/p>\n<p>An : BeMa Line EDV Tino Behrens, 08258 Markneukirchen, Pestalozzistra\u00dfe 84, be_ma@t-online.de<\/p>\n<p>Hiermit widerrufe(n) ich\/wir (*) den von mir\/uns (*) abgeschlossenen Vertrag \u00fcber den Kauf<\/p>\n<p>der folgenden Waren (*)\/die Erbringung der folgenden Dienstleistung (*)<\/p>\n<p>Bestellt am (*)\/erhalten am (*)<\/p>\n<p>Name des\/der Verbraucher(s)<\/p>\n<p>Anschrift des\/der Verbraucher(s)<\/p>\n<p>Unterschrift des\/der Verbraucher(s) (nur bei Mitteilung auf Papier)<\/p>\n<p>Datum<\/p>\n<p>(*) Unzutreffendes streichen.<\/p>\n<ul>\n<li><strong> 6 Preise und Versandkosten<\/strong><\/li>\n<\/ul>\n<p>Alle Preise gelten inklusive der gesetzlichen Mehrwertsteuer zuz\u00fcglich Versandkosten. Wir liefern mit <em>[DHL, UPS usw.]<\/em> oder einem anderen Anbieter unserer Wahl.<\/p>\n<ul>\n<li><strong> 7 Lieferbedingungen<\/strong><\/li>\n<\/ul>\n<p>7.1 Wir liefern ausschlie\u00dflich innerhalb Deutschlands.<\/p>\n<p>7.2 Die Ware wird, sofern nicht beim Angebot anders angegeben, innerhalb von 7 Werktagen geliefert.<\/p>\n<ul>\n<li><strong> 8 Zahlungsbedingungen<\/strong><\/li>\n<\/ul>\n<p>8.1 Die Zahlung erfolgt wahlweise per <em>Vorkasse durch Vorab-\u00dcberweisung, Kreditkarte (VISA, Mastercard), per Sofort\u00fcberweisung, per Lastschrift oder auf Rechnung.<\/em><\/p>\n<p>Wir behalten uns vor, einzelne Zahlungsarten auszuschlie\u00dfen.<\/p>\n<p><em>8.1.1 Bei Wahl der Zahlungsart Vorkasse<\/em><\/p>\n<p><em>8.1.2 Bei Zahlung per SEPA-Lastschriftmandat<\/em><\/p>\n<p>8.2 Wir behalten uns das Eigentum an der Kaufsache bis zur vollst\u00e4ndigen Zahlung des Rechnungsbetrags vor.<\/p>\n<p>8.3 Der Kaufpreis ist mit Eintritt des Zahlungsverzugs w\u00e4hrend des Verzuges in H\u00f6he von 5%-Punkte \u00fcber dem Basiszinssatz zu verzinsen.<\/p>\n<h2>\u00a7 9 Gew\u00e4hrleistung<\/h2>\n<p>Wenn Sie Verbraucher sind, erfolgt die Gew\u00e4hrleistung nach den gesetzlichen Bestimmungen.<\/p>\n<p>&nbsp;<\/p>\n<h2>\u00a7 10 Haftung<\/h2>\n<p>Wir haften unbeschr\u00e4nkt f\u00fcr Vorsatz und grobe Fahrl\u00e4ssigkeit und nach den Vorgaben des Produkthaftungsgesetzes. Bei leichter Fahrl\u00e4ssigkeit haften wir aus Verletzungen des Lebens, des K\u00f6rpers und der Gesundheit von Personen.<\/p>\n<p>In anderen F\u00e4llen haften wir f\u00fcr leichte Fahrl\u00e4ssigkeit nur bei der Verletzung vertragswesentlicher Pflichten. Vertragswesentliche Pflichten sind solche deren Erf\u00fcllung die ordnungsgem\u00e4\u00dfe Durchf\u00fchrung des Vertrags erst erm\u00f6glicht und auf deren Einhaltung der Vertragspartner vertraut. Die Haftung bei Verletzung einer solchen vertragswesentlichen Pflicht ist auf den vertragstypischen Schaden begrenzt, mit dessen Entstehen wir bei Vertragsabschluss auf Grund der zu diesem Zeitpunkt bekannten Umst\u00e4nde rechnen mussten. Diese Haftungsbeschr\u00e4nkung gilt auch zugunsten von unseren Erf\u00fcllungsgehilfen.<\/p>\n<p>&nbsp;<\/p>\n<h2>\u00a7 11 Kundenservice<\/h2>\n<p>Bei Fragen, Beschwerden oder Reklamationen nehmen Sie bitte Kontakt zu uns auf. Sie erreichen uns <em>Montag &#8211; Freitag zwischen 08.45 Uhr und 16.30 Uhr unter der Telefonnummer 0170 359 1543 oder per E-Mail an be_ma@t-online.de<\/em><\/p>\n<p>&nbsp;<\/p>\n<h2>\u00a7 12 Sonstiges<\/h2>\n<p>12.1 Die Vertragssprache ist Deutsch.<\/p>\n<p>&nbsp;<\/p>\n<p>12.2 Die Europ\u00e4ischen Kommission stellt eine Plattform zur Online-Streitbeilegung (OS) bereit. Diese ist \u00fcber die folgende Internetadresse erreichbar:<\/p>\n<p>&nbsp;<\/p>\n<p><a href=\"https:\/\/ec.europa.eu\/consumers\/odr\/\">https:\/\/ec.europa.eu\/consumers\/odr\/<\/a>.<\/p>\n<p>&nbsp;<\/p>\n<p><em>Wir sind nicht bereit oder verpflichtet an einem Streitbeilegungsverfahren der Verbraucherschlichtungsstellen teilzunehmen.<\/em><\/p>\n<p>&nbsp;<\/p>\n<p>12.3 Sind eine oder mehrere Regelungen dieser AGB unwirksam, so bleibt der Vertrag im \u00dcbrigen wirksam. Soweit die Bestimmungen unwirksam sind, richtet sich der Inhalt des Vertrages nach den gesetzlichen Vorschriften.<\/p>\n<p>&nbsp;<\/p>\n<p>&nbsp;<\/p>\n<p>\u00a9 RESMEDIA Mainz <a href=\"https:\/\/www.res-media.net\">https:\/\/www.res-media.net<\/a><\/p>\n<h4><strong>Reparaturen von Endger\u00e4ten und Beschaffung von Ersatzteilen<\/strong><\/h4>\n<p>Auftr\u00e4ge \u00fcber Reparaturen oder Beschaffung von Ersatzteilen&nbsp; werden vor Ort schriftlich fixiert . Hierf\u00fcr gelten selbstverst\u00e4ndlich die geltenden Rechtlichen Vorschriften wie Garantie und Gew\u00e4hrleistung.<\/p>\n<p style=\"text-align: right;\">&nbsp;<\/p>\n","protected":false},"excerpt":{"rendered":"<p>BeMa Line EDV Tino Behrens &nbsp; &nbsp; &nbsp;Computerservice und Technische Fragen be_ma(at)t-online.de &nbsp; 08258 Markneukirchen Pestalozzistra\u00dfe 84 Tel.: 037422 &#8211; 46921 &nbsp;oder 01703591546 E-Mail : be_ma(at)t-online.de www.computerservice-markneukirchen.de &nbsp;Datenschutzbeauftragter : Tino Behrens Pestalozzistra\u00dfe&nbsp; 84 08258 Markneukirchen E-Mail: be_ma(at)t-online.de Allgemeine Gesch\u00e4ftsbedingungen und<\/p>\n","protected":false},"author":1,"featured_media":0,"parent":0,"menu_order":0,"comment_status":"closed","ping_status":"closed","template":"","meta":{"ngg_post_thumbnail":0,"jetpack_post_was_ever_published":false,"footnotes":""},"class_list":["post-77","page","type-page","status-publish","hentry"],"jetpack_sharing_enabled":false,"jetpack_shortlink":"https:\/\/wp.me\/P73ukh-1f","jetpack-related-posts":[{"id":446,"url":"https:\/\/computerservice-markneukirchen.de\/?page_id=446","url_meta":{"origin":77,"position":0},"title":"Preise und Leistungen","date":"20. Februar 2015","format":false,"excerpt":"Preise und Leistungen : Die Reparatur erfolgt nur gegen Barzahlung bei Abholung des Ger\u00e4tes. Rechnungslegung oder Ratenzahlung ist nur nach Absprache m\u00f6glich. Bis zur vollst\u00e4ndigen Begleichung der Rechnung verbleibt das Ger\u00e4t bei BeMa Line EDV. \u00a0 BeMa Line EDV \u00fcbernimmt keine Haftung f\u00fcr Kundendaten und \/ oder auftretende Hardwaresch\u00e4den w\u00e4hrend\u2026","rel":"","context":"\u00c4hnlicher Beitrag","img":{"alt_text":"","src":"","width":0,"height":0},"classes":[]},{"id":415,"url":"https:\/\/computerservice-markneukirchen.de\/?page_id=415","url_meta":{"origin":77,"position":1},"title":"Einzugsgebiet","date":"13. November 2014","format":false,"excerpt":"Prinzipiell ist es m\u00f6glich jeden Rechner oder Laptop zur \u00dcberpr\u00fcfung oder Reparatur zu mir zu schicken. Auf dem Postweg ist dies heutzutage kein Problem. Allerdings wei\u00df ich das gerade in Computerfragen ein gewisses Vertrauensverh\u00e4ltnis aufgebaut werden sollte. Ein Vor - Ort Service ist nat\u00fcrlich beim Kunden beliebt, beinhalten aber \u00a0meist\u2026","rel":"","context":"\u00c4hnlicher Beitrag","img":{"alt_text":"","src":"","width":0,"height":0},"classes":[]},{"id":453,"url":"https:\/\/computerservice-markneukirchen.de\/?page_id=453","url_meta":{"origin":77,"position":2},"title":"Einrichtung","date":"21. Februar 2015","format":false,"excerpt":"Neuger\u00e4teeinrichtung Sie m\u00f6chten sofort mit Ihrem neuen PC oder Notebook loslegen? Dann finden Sie hier den perfekten Service. Ich richte Ihren PC oder Ihr Notebook ein und k\u00fcmmere mich um alle erforderlichen Installationen. Das wird gemacht: fertigstellen der Windowsinstallation aktivieren des Betriebssystem \u00fcberfl\u00fcssige Systemdienste und Autostartprogramme beenden alle erforderlichen Updates\u2026","rel":"","context":"\u00c4hnlicher Beitrag","img":{"alt_text":"","src":"","width":0,"height":0},"classes":[]},{"id":552,"url":"https:\/\/computerservice-markneukirchen.de\/","url_meta":{"origin":77,"position":3},"title":"BeMa","date":"21. Februar 2016","format":false,"excerpt":"Chat in WhatsApp","rel":"","context":"\u00c4hnlicher Beitrag","img":{"alt_text":"","src":"https:\/\/i0.wp.com\/computerservice-markneukirchen.de\/wp-content\/uploads\/2021\/02\/Visitenkarte-neu_bearbeitet-1.jpg?resize=350%2C200&ssl=1","width":350,"height":200},"classes":[]},{"id":629,"url":"https:\/\/computerservice-markneukirchen.de\/?page_id=629","url_meta":{"origin":77,"position":4},"title":"Datenschutzerkl\u00e4rung","date":"26. April 2018","format":false,"excerpt":"\u00a0 \u00a0 Der Betreiber dieser Seite nimmtden Schutz Ihrer pers\u00f6nlichen Daten sehr ernst. Ich behandle Ihre personenbezogenen Datenvertraulich und entsprechend der gesetzlichen Datenschutzvorschriften sowie dieserDatenschutzerkl\u00e4rung. Ich weise darauf hin, dass die Daten\u00fcbertragung im Internet(z.B. bei der Kommunikation per E-Mail) Sicherheitsl\u00fccken aufweisen kann. Ein l\u00fcckenloserSchutz der Daten vor dem Zugriff durch\u2026","rel":"","context":"\u00c4hnlicher Beitrag","img":{"alt_text":"","src":"","width":0,"height":0},"classes":[]},{"id":138,"url":"https:\/\/computerservice-markneukirchen.de\/?page_id=138","url_meta":{"origin":77,"position":5},"title":"Hilfe und Support","date":"18. Mai 2014","format":false,"excerpt":"Hier seht Ihr eine Auswahl von Produkten und Marken f\u00fcr die ich einen technischen Support habe. Aber auch andere Ger\u00e4te k\u00f6nnt Ihr mir vorstellen. \u00a0","rel":"","context":"\u00c4hnlicher Beitrag","img":{"alt_text":"Logobild","src":"https:\/\/i0.wp.com\/computerservice-markneukirchen.de\/wp-content\/uploads\/2014\/05\/Logobild.jpg?resize=350%2C200","width":350,"height":200},"classes":[]}],"jetpack_likes_enabled":true,"_links":{"self":[{"href":"https:\/\/computerservice-markneukirchen.de\/index.php?rest_route=\/wp\/v2\/pages\/77","targetHints":{"allow":["GET"]}}],"collection":[{"href":"https:\/\/computerservice-markneukirchen.de\/index.php?rest_route=\/wp\/v2\/pages"}],"about":[{"href":"https:\/\/computerservice-markneukirchen.de\/index.php?rest_route=\/wp\/v2\/types\/page"}],"author":[{"embeddable":true,"href":"https:\/\/computerservice-markneukirchen.de\/index.php?rest_route=\/wp\/v2\/users\/1"}],"replies":[{"embeddable":true,"href":"https:\/\/computerservice-markneukirchen.de\/index.php?rest_route=%2Fwp%2Fv2%2Fcomments&post=77"}],"version-history":[{"count":29,"href":"https:\/\/computerservice-markneukirchen.de\/index.php?rest_route=\/wp\/v2\/pages\/77\/revisions"}],"predecessor-version":[{"id":918,"href":"https:\/\/computerservice-markneukirchen.de\/index.php?rest_route=\/wp\/v2\/pages\/77\/revisions\/918"}],"wp:attachment":[{"href":"https:\/\/computerservice-markneukirchen.de\/index.php?rest_route=%2Fwp%2Fv2%2Fmedia&parent=77"}],"curies":[{"name":"wp","href":"https:\/\/api.w.org\/{rel}","templated":true}]}}