{"id":722,"date":"2019-08-02T18:00:15","date_gmt":"2019-08-02T16:00:15","guid":{"rendered":"http:\/\/computerservice-markneukirchen.de\/?page_id=722"},"modified":"2019-08-02T18:18:53","modified_gmt":"2019-08-02T16:18:53","slug":"reparatur","status":"publish","type":"page","link":"https:\/\/computerservice-markneukirchen.de\/?page_id=722","title":{"rendered":"Reparatur"},"content":{"rendered":"<p>Die meisten Nutzer haben sich ihr Ger\u00e4t nach ihren W\u00fcnschen eingerichtet .<br \/>\nAlle Daten und Programm wurden so angelegt wie man sie am besten nutzen kann.<br \/>\nDrucker, Scanner und andere Ger\u00e4te funktionieren tadellos.<br \/>\nJetzt streikt der PC oder Laptop und nichts geht mehr !<br \/>\nAber nicht bei jedem defekt muss ein neues Ger\u00e4t angeschafft werden. Oftmals ist eine Reparatur effektiver als eine Neuanschaffung.<\/p>\n<p>Fast jedes Ger\u00e4t l\u00e4sst sich wieder in Ordnung bringen, und unterschreitet die Kosten und den Aufwand f\u00fcr ein Neuger\u00e4t oftmals um vieles.<\/p>\n<p>Lassen Sie sich beraten !<\/p>\n<p>&nbsp;<\/p>\n","protected":false},"excerpt":{"rendered":"<p>Die meisten Nutzer haben sich ihr Ger\u00e4t nach ihren W\u00fcnschen eingerichtet . Alle Daten und Programm wurden so angelegt wie man sie am besten nutzen kann. Drucker, Scanner und andere Ger\u00e4te funktionieren tadellos. Jetzt streikt der PC oder Laptop und<\/p>\n","protected":false},"author":1,"featured_media":0,"parent":0,"menu_order":0,"comment_status":"closed","ping_status":"closed","template":"","meta":{"ngg_post_thumbnail":0,"jetpack_post_was_ever_published":false,"footnotes":""},"class_list":["post-722","page","type-page","status-publish","hentry"],"jetpack_sharing_enabled":true,"jetpack_shortlink":"https:\/\/wp.me\/P73ukh-bE","jetpack-related-posts":[{"id":446,"url":"https:\/\/computerservice-markneukirchen.de\/?page_id=446","url_meta":{"origin":722,"position":0},"title":"Preise und Leistungen","date":"20. Februar 2015","format":false,"excerpt":"Preise und Leistungen : Die Reparatur erfolgt nur gegen Barzahlung bei Abholung des Ger\u00e4tes. Rechnungslegung oder Ratenzahlung ist nur nach Absprache m\u00f6glich. Bis zur vollst\u00e4ndigen Begleichung der Rechnung verbleibt das Ger\u00e4t bei BeMa Line EDV. \u00a0 BeMa Line EDV \u00fcbernimmt keine Haftung f\u00fcr Kundendaten und \/ oder auftretende Hardwaresch\u00e4den w\u00e4hrend\u2026","rel":"","context":"\u00c4hnlicher Beitrag","img":{"alt_text":"","src":"","width":0,"height":0},"classes":[]},{"id":415,"url":"https:\/\/computerservice-markneukirchen.de\/?page_id=415","url_meta":{"origin":722,"position":1},"title":"Einzugsgebiet","date":"13. November 2014","format":false,"excerpt":"Prinzipiell ist es m\u00f6glich jeden Rechner oder Laptop zur \u00dcberpr\u00fcfung oder Reparatur zu mir zu schicken. Auf dem Postweg ist dies heutzutage kein Problem. Allerdings wei\u00df ich das gerade in Computerfragen ein gewisses Vertrauensverh\u00e4ltnis aufgebaut werden sollte. Ein Vor - Ort Service ist nat\u00fcrlich beim Kunden beliebt, beinhalten aber \u00a0meist\u2026","rel":"","context":"\u00c4hnlicher Beitrag","img":{"alt_text":"","src":"","width":0,"height":0},"classes":[]},{"id":453,"url":"https:\/\/computerservice-markneukirchen.de\/?page_id=453","url_meta":{"origin":722,"position":2},"title":"Einrichtung","date":"21. Februar 2015","format":false,"excerpt":"Neuger\u00e4teeinrichtung Sie m\u00f6chten sofort mit Ihrem neuen PC oder Notebook loslegen? Dann finden Sie hier den perfekten Service. Ich richte Ihren PC oder Ihr Notebook ein und k\u00fcmmere mich um alle erforderlichen Installationen. Das wird gemacht: fertigstellen der Windowsinstallation aktivieren des Betriebssystem \u00fcberfl\u00fcssige Systemdienste und Autostartprogramme beenden alle erforderlichen Updates\u2026","rel":"","context":"\u00c4hnlicher Beitrag","img":{"alt_text":"","src":"","width":0,"height":0},"classes":[]},{"id":629,"url":"https:\/\/computerservice-markneukirchen.de\/?page_id=629","url_meta":{"origin":722,"position":3},"title":"Datenschutzerkl\u00e4rung","date":"26. April 2018","format":false,"excerpt":"\u00a0 \u00a0 Der Betreiber dieser Seite nimmtden Schutz Ihrer pers\u00f6nlichen Daten sehr ernst. Ich behandle Ihre personenbezogenen Datenvertraulich und entsprechend der gesetzlichen Datenschutzvorschriften sowie dieserDatenschutzerkl\u00e4rung. Ich weise darauf hin, dass die Daten\u00fcbertragung im Internet(z.B. bei der Kommunikation per E-Mail) Sicherheitsl\u00fccken aufweisen kann. Ein l\u00fcckenloserSchutz der Daten vor dem Zugriff durch\u2026","rel":"","context":"\u00c4hnlicher Beitrag","img":{"alt_text":"","src":"","width":0,"height":0},"classes":[]},{"id":77,"url":"https:\/\/computerservice-markneukirchen.de\/?page_id=77","url_meta":{"origin":722,"position":4},"title":"Kontakt \/ Impressum \/AGB","date":"16. Mai 2014","format":false,"excerpt":"BeMa Line EDV Tino Behrens \u00a0 \u00a0 \u00a0Computerservice und Technische Fragen be_ma(at)t-online.de \u00a0 08258 Markneukirchen Pestalozzistra\u00dfe 84 Tel.: 037422 - 46921 \u00a0oder 01703591546 E-Mail : be_ma(at)t-online.de www.computerservice-markneukirchen.de \u00a0Datenschutzbeauftragter : Tino Behrens Pestalozzistra\u00dfe\u00a0 84 08258 Markneukirchen E-Mail: be_ma(at)t-online.de Allgemeine Gesch\u00e4ftsbedingungen und Informationen : Allgemeine Gesch\u00e4ftsbedingungen f\u00fcr K\u00e4ufe im Onlineshop unter BeMa\u2026","rel":"","context":"\u00c4hnlicher Beitrag","img":{"alt_text":"","src":"","width":0,"height":0},"classes":[]},{"id":455,"url":"https:\/\/computerservice-markneukirchen.de\/?page_id=455","url_meta":{"origin":722,"position":5},"title":"Daten\u00fcbernahme","date":"21. Februar 2015","format":false,"excerpt":"Daten\u00fcbernahme Die \u00dcbernahme von Daten auf einen neuen PC oder ein neues Notebook ist eine m\u00fchselige Arbeit, bei der nichts schiefgehen sollte. Diesen Aufwand nehmen wir Ihnen gerne ab und \u00fcbertragen auch gro\u00dfe Mengen von 1 Terabyte eigener Dateien. Das wird gemacht: \u00dcbernahme Ihre Daten bis 1 Terabyte von dem\u2026","rel":"","context":"\u00c4hnlicher Beitrag","img":{"alt_text":"","src":"","width":0,"height":0},"classes":[]}],"jetpack_likes_enabled":true,"_links":{"self":[{"href":"https:\/\/computerservice-markneukirchen.de\/index.php?rest_route=\/wp\/v2\/pages\/722","targetHints":{"allow":["GET"]}}],"collection":[{"href":"https:\/\/computerservice-markneukirchen.de\/index.php?rest_route=\/wp\/v2\/pages"}],"about":[{"href":"https:\/\/computerservice-markneukirchen.de\/index.php?rest_route=\/wp\/v2\/types\/page"}],"author":[{"embeddable":true,"href":"https:\/\/computerservice-markneukirchen.de\/index.php?rest_route=\/wp\/v2\/users\/1"}],"replies":[{"embeddable":true,"href":"https:\/\/computerservice-markneukirchen.de\/index.php?rest_route=%2Fwp%2Fv2%2Fcomments&post=722"}],"version-history":[{"count":3,"href":"https:\/\/computerservice-markneukirchen.de\/index.php?rest_route=\/wp\/v2\/pages\/722\/revisions"}],"predecessor-version":[{"id":728,"href":"https:\/\/computerservice-markneukirchen.de\/index.php?rest_route=\/wp\/v2\/pages\/722\/revisions\/728"}],"wp:attachment":[{"href":"https:\/\/computerservice-markneukirchen.de\/index.php?rest_route=%2Fwp%2Fv2%2Fmedia&parent=722"}],"curies":[{"name":"wp","href":"https:\/\/api.w.org\/{rel}","templated":true}]}}