{"id":552,"date":"2016-02-21T08:16:26","date_gmt":"2016-02-21T06:16:26","guid":{"rendered":"http:\/\/computerservice-markneukirchen.de\/?page_id=552"},"modified":"2024-12-26T13:11:16","modified_gmt":"2024-12-26T11:11:16","slug":"home-2","status":"publish","type":"page","link":"https:\/\/computerservice-markneukirchen.de\/","title":{"rendered":"BeMa"},"content":{"rendered":"<p><a href=\"https:\/\/i0.wp.com\/computerservice-markneukirchen.de\/wp-content\/uploads\/2021\/02\/Visitenkarte-neu_bearbeitet-1.jpg?ssl=1\"><img loading=\"lazy\" decoding=\"async\" data-attachment-id=\"790\" data-permalink=\"https:\/\/computerservice-markneukirchen.de\/?attachment_id=790\" data-orig-file=\"https:\/\/i0.wp.com\/computerservice-markneukirchen.de\/wp-content\/uploads\/2021\/02\/Visitenkarte-neu_bearbeitet-1.jpg?fit=502%2C325&amp;ssl=1\" data-orig-size=\"502,325\" data-comments-opened=\"1\" data-image-meta=\"{&quot;aperture&quot;:&quot;0&quot;,&quot;credit&quot;:&quot;&quot;,&quot;camera&quot;:&quot;&quot;,&quot;caption&quot;:&quot;&quot;,&quot;created_timestamp&quot;:&quot;0&quot;,&quot;copyright&quot;:&quot;&quot;,&quot;focal_length&quot;:&quot;0&quot;,&quot;iso&quot;:&quot;0&quot;,&quot;shutter_speed&quot;:&quot;0&quot;,&quot;title&quot;:&quot;&quot;,&quot;orientation&quot;:&quot;1&quot;}\" data-image-title=\"Visitenkarte neu_bearbeitet-1\" data-image-description=\"\" data-image-caption=\"\" data-medium-file=\"https:\/\/i0.wp.com\/computerservice-markneukirchen.de\/wp-content\/uploads\/2021\/02\/Visitenkarte-neu_bearbeitet-1.jpg?fit=300%2C194&amp;ssl=1\" data-large-file=\"https:\/\/i0.wp.com\/computerservice-markneukirchen.de\/wp-content\/uploads\/2021\/02\/Visitenkarte-neu_bearbeitet-1.jpg?fit=502%2C325&amp;ssl=1\" class=\"aligncenter size-full wp-image-790\" src=\"https:\/\/i0.wp.com\/computerservice-markneukirchen.de\/wp-content\/uploads\/2021\/02\/Visitenkarte-neu_bearbeitet-1.jpg?resize=502%2C325&#038;ssl=1\" alt=\"\" width=\"502\" height=\"325\" srcset=\"https:\/\/i0.wp.com\/computerservice-markneukirchen.de\/wp-content\/uploads\/2021\/02\/Visitenkarte-neu_bearbeitet-1.jpg?w=502&amp;ssl=1 502w, https:\/\/i0.wp.com\/computerservice-markneukirchen.de\/wp-content\/uploads\/2021\/02\/Visitenkarte-neu_bearbeitet-1.jpg?resize=300%2C194&amp;ssl=1 300w\" sizes=\"auto, (max-width: 502px) 100vw, 502px\" data-recalc-dims=\"1\" \/><\/a><\/p>\n\n\n<div class=\"wp-block-jetpack-send-a-message\">\n<div class=\"wp-block-jetpack-whatsapp-button aligncenter is-color-dark\"><a class=\"whatsapp-block__button\" href=\"https:\/\/api.whatsapp.com\/send?phone=4901703591543&amp;text=Hallo%2C%20ich%20habe%20deine%20WhatsApp-Nummer%20von%20deiner%20Website.\" style=\"background-color:#25D366;color:#fff\" target=\"_self\" rel=\"noopener noreferrer\">Chat in WhatsApp<\/a><\/div>\n<\/div>\n\n\n\n<p><\/p>\n\n\n\n<div class=\"wp-block-group\"><div class=\"wp-block-group__inner-container is-layout-constrained wp-block-group-is-layout-constrained\">\n<div class=\"wp-block-group alignfull has-small-font-size\" style=\"margin-top:0;margin-bottom:0;padding-top:0;padding-bottom:0\"><div class=\"wp-block-group__inner-container is-layout-constrained wp-block-group-is-layout-constrained\"><\/div><\/div>\n<\/div><\/div>\n","protected":false},"excerpt":{"rendered":"","protected":false},"author":1,"featured_media":0,"parent":0,"menu_order":0,"comment_status":"closed","ping_status":"closed","template":"","meta":{"ngg_post_thumbnail":0,"jetpack_post_was_ever_published":false,"footnotes":""},"class_list":["post-552","page","type-page","status-publish","hentry"],"jetpack_sharing_enabled":true,"jetpack_shortlink":"https:\/\/wp.me\/P73ukh-8U","jetpack-related-posts":[{"id":446,"url":"https:\/\/computerservice-markneukirchen.de\/?page_id=446","url_meta":{"origin":552,"position":0},"title":"Preise und Leistungen","date":"20. Februar 2015","format":false,"excerpt":"Preise und Leistungen : Die Reparatur erfolgt nur gegen Barzahlung bei Abholung des Ger\u00e4tes. Rechnungslegung oder Ratenzahlung ist nur nach Absprache m\u00f6glich. Bis zur vollst\u00e4ndigen Begleichung der Rechnung verbleibt das Ger\u00e4t bei BeMa Line EDV. \u00a0 BeMa Line EDV \u00fcbernimmt keine Haftung f\u00fcr Kundendaten und \/ oder auftretende Hardwaresch\u00e4den w\u00e4hrend\u2026","rel":"","context":"\u00c4hnlicher Beitrag","img":{"alt_text":"","src":"","width":0,"height":0},"classes":[]},{"id":415,"url":"https:\/\/computerservice-markneukirchen.de\/?page_id=415","url_meta":{"origin":552,"position":1},"title":"Einzugsgebiet","date":"13. November 2014","format":false,"excerpt":"Prinzipiell ist es m\u00f6glich jeden Rechner oder Laptop zur \u00dcberpr\u00fcfung oder Reparatur zu mir zu schicken. Auf dem Postweg ist dies heutzutage kein Problem. Allerdings wei\u00df ich das gerade in Computerfragen ein gewisses Vertrauensverh\u00e4ltnis aufgebaut werden sollte. Ein Vor - Ort Service ist nat\u00fcrlich beim Kunden beliebt, beinhalten aber \u00a0meist\u2026","rel":"","context":"\u00c4hnlicher Beitrag","img":{"alt_text":"","src":"","width":0,"height":0},"classes":[]},{"id":77,"url":"https:\/\/computerservice-markneukirchen.de\/?page_id=77","url_meta":{"origin":552,"position":2},"title":"Kontakt \/ Impressum \/AGB","date":"16. Mai 2014","format":false,"excerpt":"BeMa Line EDV Tino Behrens \u00a0 \u00a0 \u00a0Computerservice und Technische Fragen be_ma(at)t-online.de \u00a0 08258 Markneukirchen Pestalozzistra\u00dfe 84 Tel.: 037422 - 46921 \u00a0oder 01703591546 E-Mail : be_ma(at)t-online.de www.computerservice-markneukirchen.de \u00a0Datenschutzbeauftragter : Tino Behrens Pestalozzistra\u00dfe\u00a0 84 08258 Markneukirchen E-Mail: be_ma(at)t-online.de Allgemeine Gesch\u00e4ftsbedingungen und Informationen : Allgemeine Gesch\u00e4ftsbedingungen f\u00fcr K\u00e4ufe im Onlineshop unter BeMa\u2026","rel":"","context":"\u00c4hnlicher Beitrag","img":{"alt_text":"","src":"","width":0,"height":0},"classes":[]},{"id":453,"url":"https:\/\/computerservice-markneukirchen.de\/?page_id=453","url_meta":{"origin":552,"position":3},"title":"Einrichtung","date":"21. Februar 2015","format":false,"excerpt":"Neuger\u00e4teeinrichtung Sie m\u00f6chten sofort mit Ihrem neuen PC oder Notebook loslegen? Dann finden Sie hier den perfekten Service. Ich richte Ihren PC oder Ihr Notebook ein und k\u00fcmmere mich um alle erforderlichen Installationen. Das wird gemacht: fertigstellen der Windowsinstallation aktivieren des Betriebssystem \u00fcberfl\u00fcssige Systemdienste und Autostartprogramme beenden alle erforderlichen Updates\u2026","rel":"","context":"\u00c4hnlicher Beitrag","img":{"alt_text":"","src":"","width":0,"height":0},"classes":[]},{"id":629,"url":"https:\/\/computerservice-markneukirchen.de\/?page_id=629","url_meta":{"origin":552,"position":4},"title":"Datenschutzerkl\u00e4rung","date":"26. April 2018","format":false,"excerpt":"\u00a0 \u00a0 Der Betreiber dieser Seite nimmtden Schutz Ihrer pers\u00f6nlichen Daten sehr ernst. Ich behandle Ihre personenbezogenen Datenvertraulich und entsprechend der gesetzlichen Datenschutzvorschriften sowie dieserDatenschutzerkl\u00e4rung. Ich weise darauf hin, dass die Daten\u00fcbertragung im Internet(z.B. bei der Kommunikation per E-Mail) Sicherheitsl\u00fccken aufweisen kann. Ein l\u00fcckenloserSchutz der Daten vor dem Zugriff durch\u2026","rel":"","context":"\u00c4hnlicher Beitrag","img":{"alt_text":"","src":"","width":0,"height":0},"classes":[]}],"jetpack_likes_enabled":true,"_links":{"self":[{"href":"https:\/\/computerservice-markneukirchen.de\/index.php?rest_route=\/wp\/v2\/pages\/552","targetHints":{"allow":["GET"]}}],"collection":[{"href":"https:\/\/computerservice-markneukirchen.de\/index.php?rest_route=\/wp\/v2\/pages"}],"about":[{"href":"https:\/\/computerservice-markneukirchen.de\/index.php?rest_route=\/wp\/v2\/types\/page"}],"author":[{"embeddable":true,"href":"https:\/\/computerservice-markneukirchen.de\/index.php?rest_route=\/wp\/v2\/users\/1"}],"replies":[{"embeddable":true,"href":"https:\/\/computerservice-markneukirchen.de\/index.php?rest_route=%2Fwp%2Fv2%2Fcomments&post=552"}],"version-history":[{"count":18,"href":"https:\/\/computerservice-markneukirchen.de\/index.php?rest_route=\/wp\/v2\/pages\/552\/revisions"}],"predecessor-version":[{"id":936,"href":"https:\/\/computerservice-markneukirchen.de\/index.php?rest_route=\/wp\/v2\/pages\/552\/revisions\/936"}],"wp:attachment":[{"href":"https:\/\/computerservice-markneukirchen.de\/index.php?rest_route=%2Fwp%2Fv2%2Fmedia&parent=552"}],"curies":[{"name":"wp","href":"https:\/\/api.w.org\/{rel}","templated":true}]}}