{"id":415,"date":"2014-11-13T17:22:12","date_gmt":"2014-11-13T15:22:12","guid":{"rendered":"http:\/\/computerservice-markneukirchen.de\/?page_id=415"},"modified":"2019-08-02T17:37:52","modified_gmt":"2019-08-02T15:37:52","slug":"einzugsgebiet","status":"publish","type":"page","link":"https:\/\/computerservice-markneukirchen.de\/?page_id=415","title":{"rendered":"Einzugsgebiet"},"content":{"rendered":"<p>Prinzipiell ist es m\u00f6glich jeden Rechner oder Laptop zur \u00dcberpr\u00fcfung oder Reparatur zu mir zu schicken. Auf dem Postweg ist dies heutzutage kein Problem. Allerdings wei\u00df ich das gerade in Computerfragen ein gewisses Vertrauensverh\u00e4ltnis aufgebaut werden sollte.<\/p>\n<p>Ein Vor &#8211; Ort Service ist nat\u00fcrlich beim Kunden beliebt, beinhalten aber \u00a0meist immer einen l\u00e4ngeren Anfahrtsweg dessen Kosten vom Kunden getragen werden m\u00fcssen. Daher habe ich den Umkreis etwas eingeschr\u00e4nkt.<\/p>\n<p>Vor -Ort Service biete ich in folgenden St\u00e4dten an : Markneukirchen , Adorf, Bad Elster, Bad Brambach, Sch\u00f6neck, Klingenthal. Selbstverst\u00e4ndlich sind die umliegenden Gemeinden eingeschlossen.<\/p>\n<p>Bei vor Ort Service verlangt BeMa Line EDV eine An-und Abfahrtspauschale, die sich nach Zeit und Entfernung errechnet. Diese kann und sollte bei Auftragserteilung erfragt werden.<\/p>\n<p>&nbsp;<\/p>\n<p>&nbsp;<\/p>\n","protected":false},"excerpt":{"rendered":"<p>Prinzipiell ist es m\u00f6glich jeden Rechner oder Laptop zur \u00dcberpr\u00fcfung oder Reparatur zu mir zu schicken. Auf dem Postweg ist dies heutzutage kein Problem. Allerdings wei\u00df ich das gerade in Computerfragen ein gewisses Vertrauensverh\u00e4ltnis aufgebaut werden sollte. Ein Vor &#8211;<\/p>\n","protected":false},"author":1,"featured_media":0,"parent":0,"menu_order":0,"comment_status":"closed","ping_status":"closed","template":"","meta":{"ngg_post_thumbnail":0,"jetpack_post_was_ever_published":false,"footnotes":""},"class_list":["post-415","page","type-page","status-publish","hentry"],"jetpack_sharing_enabled":true,"jetpack_shortlink":"https:\/\/wp.me\/P73ukh-6H","jetpack-related-posts":[{"id":36,"url":"https:\/\/computerservice-markneukirchen.de\/?page_id=36","url_meta":{"origin":415,"position":0},"title":"Hard-und Software","date":"16. Mai 2014","format":false,"excerpt":"\u00a0 Eine auf die Bed\u00fcrfnisse des Anwenders abgestimmte Hard- und Software garantiert\u00a0 einen optimalen Arbeitsablauf. Nicht immer ist alles, was m\u00f6glich ist, auch\u00a0notwendig. Auf der Grundlage der Anwenderbed\u00fcrfnisse erstellen wir dem Kunden\u00a0ein auf seine Arbeit abgestimmte, individuelle, investionssichere Hard- und Softwarekonfiguration. Erweiterungen vorhandener Arbeitspl\u00e4tze oder Aufr\u00fcstungen bestehender Arbeitspl\u00e4tze, sowie die\u2026","rel":"","context":"\u00c4hnlicher Beitrag","img":{"alt_text":"","src":"","width":0,"height":0},"classes":[]},{"id":446,"url":"https:\/\/computerservice-markneukirchen.de\/?page_id=446","url_meta":{"origin":415,"position":1},"title":"Preise und Leistungen","date":"20. Februar 2015","format":false,"excerpt":"Preise und Leistungen : Die Reparatur erfolgt nur gegen Barzahlung bei Abholung des Ger\u00e4tes. Rechnungslegung oder Ratenzahlung ist nur nach Absprache m\u00f6glich. Bis zur vollst\u00e4ndigen Begleichung der Rechnung verbleibt das Ger\u00e4t bei BeMa Line EDV. \u00a0 BeMa Line EDV \u00fcbernimmt keine Haftung f\u00fcr Kundendaten und \/ oder auftretende Hardwaresch\u00e4den w\u00e4hrend\u2026","rel":"","context":"\u00c4hnlicher Beitrag","img":{"alt_text":"","src":"","width":0,"height":0},"classes":[]},{"id":455,"url":"https:\/\/computerservice-markneukirchen.de\/?page_id=455","url_meta":{"origin":415,"position":2},"title":"Daten\u00fcbernahme","date":"21. Februar 2015","format":false,"excerpt":"Daten\u00fcbernahme Die \u00dcbernahme von Daten auf einen neuen PC oder ein neues Notebook ist eine m\u00fchselige Arbeit, bei der nichts schiefgehen sollte. Diesen Aufwand nehmen wir Ihnen gerne ab und \u00fcbertragen auch gro\u00dfe Mengen von 1 Terabyte eigener Dateien. Das wird gemacht: \u00dcbernahme Ihre Daten bis 1 Terabyte von dem\u2026","rel":"","context":"\u00c4hnlicher Beitrag","img":{"alt_text":"","src":"","width":0,"height":0},"classes":[]},{"id":629,"url":"https:\/\/computerservice-markneukirchen.de\/?page_id=629","url_meta":{"origin":415,"position":3},"title":"Datenschutzerkl\u00e4rung","date":"26. April 2018","format":false,"excerpt":"\u00a0 \u00a0 Der Betreiber dieser Seite nimmtden Schutz Ihrer pers\u00f6nlichen Daten sehr ernst. Ich behandle Ihre personenbezogenen Datenvertraulich und entsprechend der gesetzlichen Datenschutzvorschriften sowie dieserDatenschutzerkl\u00e4rung. Ich weise darauf hin, dass die Daten\u00fcbertragung im Internet(z.B. bei der Kommunikation per E-Mail) Sicherheitsl\u00fccken aufweisen kann. Ein l\u00fcckenloserSchutz der Daten vor dem Zugriff durch\u2026","rel":"","context":"\u00c4hnlicher Beitrag","img":{"alt_text":"","src":"","width":0,"height":0},"classes":[]},{"id":77,"url":"https:\/\/computerservice-markneukirchen.de\/?page_id=77","url_meta":{"origin":415,"position":4},"title":"Kontakt \/ Impressum \/AGB","date":"16. Mai 2014","format":false,"excerpt":"BeMa Line EDV Tino Behrens \u00a0 \u00a0 \u00a0Computerservice und Technische Fragen be_ma(at)t-online.de \u00a0 08258 Markneukirchen Pestalozzistra\u00dfe 84 Tel.: 037422 - 46921 \u00a0oder 01703591546 E-Mail : be_ma(at)t-online.de www.computerservice-markneukirchen.de \u00a0Datenschutzbeauftragter : Tino Behrens Pestalozzistra\u00dfe\u00a0 84 08258 Markneukirchen E-Mail: be_ma(at)t-online.de Allgemeine Gesch\u00e4ftsbedingungen und Informationen : Allgemeine Gesch\u00e4ftsbedingungen f\u00fcr K\u00e4ufe im Onlineshop unter BeMa\u2026","rel":"","context":"\u00c4hnlicher Beitrag","img":{"alt_text":"","src":"","width":0,"height":0},"classes":[]},{"id":453,"url":"https:\/\/computerservice-markneukirchen.de\/?page_id=453","url_meta":{"origin":415,"position":5},"title":"Einrichtung","date":"21. Februar 2015","format":false,"excerpt":"Neuger\u00e4teeinrichtung Sie m\u00f6chten sofort mit Ihrem neuen PC oder Notebook loslegen? Dann finden Sie hier den perfekten Service. Ich richte Ihren PC oder Ihr Notebook ein und k\u00fcmmere mich um alle erforderlichen Installationen. Das wird gemacht: fertigstellen der Windowsinstallation aktivieren des Betriebssystem \u00fcberfl\u00fcssige Systemdienste und Autostartprogramme beenden alle erforderlichen Updates\u2026","rel":"","context":"\u00c4hnlicher Beitrag","img":{"alt_text":"","src":"","width":0,"height":0},"classes":[]}],"jetpack_likes_enabled":true,"_links":{"self":[{"href":"https:\/\/computerservice-markneukirchen.de\/index.php?rest_route=\/wp\/v2\/pages\/415","targetHints":{"allow":["GET"]}}],"collection":[{"href":"https:\/\/computerservice-markneukirchen.de\/index.php?rest_route=\/wp\/v2\/pages"}],"about":[{"href":"https:\/\/computerservice-markneukirchen.de\/index.php?rest_route=\/wp\/v2\/types\/page"}],"author":[{"embeddable":true,"href":"https:\/\/computerservice-markneukirchen.de\/index.php?rest_route=\/wp\/v2\/users\/1"}],"replies":[{"embeddable":true,"href":"https:\/\/computerservice-markneukirchen.de\/index.php?rest_route=%2Fwp%2Fv2%2Fcomments&post=415"}],"version-history":[{"count":5,"href":"https:\/\/computerservice-markneukirchen.de\/index.php?rest_route=\/wp\/v2\/pages\/415\/revisions"}],"predecessor-version":[{"id":719,"href":"https:\/\/computerservice-markneukirchen.de\/index.php?rest_route=\/wp\/v2\/pages\/415\/revisions\/719"}],"wp:attachment":[{"href":"https:\/\/computerservice-markneukirchen.de\/index.php?rest_route=%2Fwp%2Fv2%2Fmedia&parent=415"}],"curies":[{"name":"wp","href":"https:\/\/api.w.org\/{rel}","templated":true}]}}